{"id":6,"date":"2024-11-23T21:20:01","date_gmt":"2024-11-23T20:20:01","guid":{"rendered":"http:\/\/innovamm.dyndns.org\/5gsostenible\/?page_id=6"},"modified":"2026-04-12T12:41:44","modified_gmt":"2026-04-12T10:41:44","slug":"inicio","status":"publish","type":"page","link":"http:\/\/innovamm.dyndns.org\/5gsostenible\/","title":{"rendered":"inicio"},"content":{"rendered":"\n<div class=\"wp-block-cover alignfull is-light has-parallax\" style=\"min-height:100vh;aspect-ratio:unset;\"><div class=\"wp-block-cover__image-background wp-image-16 has-parallax\" style=\"background-position:50% 50%;background-image:url(http:\/\/innovamm.dyndns.org\/5gsostenible\/wp-content\/uploads\/sites\/3\/2024\/11\/5Gsost-.jpg)\"><\/div><span aria-hidden=\"true\" class=\"wp-block-cover__background has-background-dim-10 has-background-dim\" style=\"background-color:#858d68\"><\/span><div class=\"wp-block-cover__inner-container is-layout-constrained wp-block-cover-is-layout-constrained\">\n<div class=\"wp-block-group alignwide is-content-justification-center is-nowrap is-layout-flex wp-container-core-group-is-layout-079bfc22 wp-block-group-is-layout-flex\">\n<p style=\"padding-top:var(--wp--preset--spacing--20);padding-right:var(--wp--preset--spacing--50);padding-bottom:var(--wp--preset--spacing--20);padding-left:var(--wp--preset--spacing--50);font-size:46px;line-height:1.2\">5G Sostenible<\/p>\n<\/div>\n\n\n\n<p class=\"has-text-align-left\" style=\"padding-top:var(--wp--preset--spacing--70);padding-right:var(--wp--preset--spacing--80);padding-bottom:var(--wp--preset--spacing--70);padding-left:var(--wp--preset--spacing--80);font-size:31px;line-height:1\"><br>estaciones de telefon\u00eda 5G alimentadas por energ\u00eda renovable<\/p>\n\n\n\n<div class=\"wp-block-group\"><div class=\"wp-block-group__inner-container is-layout-constrained wp-block-group-is-layout-constrained\"><ul class=\"wp-block-latest-posts__list has-dates has-author alignleft wp-block-latest-posts\"><li><a class=\"wp-block-latest-posts__post-title\" href=\"http:\/\/innovamm.dyndns.org\/5gsostenible\/2026\/04\/09\/visita-de-formacion-al-i-n-t-a\/\">Visita de formaci\u00f3n al I.N.T.A.<\/a><div class=\"wp-block-latest-posts__post-author\">por fperal<\/div><time datetime=\"2026-04-09T15:09:01+02:00\" class=\"wp-block-latest-posts__post-date\">9 de abril de 2026<\/time><div class=\"wp-block-latest-posts__post-excerpt\">Alumnos y profesores del I.E.S. Mar\u00eda Moliner realizamos una visita formativa al Instituto Nacional de T\u00e9cnica Aeroespacial en Torrej\u00f3n de Ardoz, donde nos ense\u00f1an distintas cosas relacionadas con la radiocomunicaciones: c\u00e1maras anecoicas, c\u00e1maras reverberantes, ensayos de radiaci\u00f3n, control de drones, etc.<\/div><\/li>\n<li><a class=\"wp-block-latest-posts__post-title\" href=\"http:\/\/innovamm.dyndns.org\/5gsostenible\/2026\/03\/18\/jornada-didacticas-redes-5g-crn-getafe\/\">Jornada did\u00e1cticas redes 5G CRN Getafe<\/a><div class=\"wp-block-latest-posts__post-author\">por fperal<\/div><time datetime=\"2026-03-18T09:42:29+01:00\" class=\"wp-block-latest-posts__post-date\">18 de marzo de 2026<\/time><div class=\"wp-block-latest-posts__post-excerpt\">Profesores y alumnos de Mantenimiento Electr\u00f3nico participantes den el proyecto 5G del I.E.S. Mar\u00eda Moliner participan en las jornadas de formaci\u00f3n sonre redes 5G desarrolladas en el Centro de Referencia Nacional de Getafe.<\/div><\/li>\n<li><a class=\"wp-block-latest-posts__post-title\" href=\"http:\/\/innovamm.dyndns.org\/5gsostenible\/2026\/01\/18\/trabajando-con-sistemas-de-medicion-de-energia-electrica\/\">Trabajando con sistemas de medici\u00f3n de energ\u00eda el\u00e9ctrica<\/a><div class=\"wp-block-latest-posts__post-author\">por fperal<\/div><time datetime=\"2026-01-18T19:31:00+01:00\" class=\"wp-block-latest-posts__post-date\">18 de enero de 2026<\/time><div class=\"wp-block-latest-posts__post-excerpt\">Introducimos en los proyectos los sistemas de gesti\u00f3n de energ\u00eda para el control y monitorizaci\u00f3n de consumo en energ\u00edas renovables<\/div><\/li>\n<li><a class=\"wp-block-latest-posts__post-title\" href=\"http:\/\/innovamm.dyndns.org\/5gsostenible\/2025\/11\/19\/visita-a-genera\/\">Visita a Genera<\/a><div class=\"wp-block-latest-posts__post-author\">por fperal<\/div><time datetime=\"2025-11-19T19:50:00+01:00\" class=\"wp-block-latest-posts__post-date\">19 de noviembre de 2025<\/time><div class=\"wp-block-latest-posts__post-excerpt\">Visitamos la feria de energ\u00edas renovables Genera \/ Matelec 2025 Se realiza una visita con profesores y alumnos a IFEMA, en Madrid, donde vemos las \u00faltimas novedades sobre generaci\u00f3n<\/div><\/li>\n<li><a class=\"wp-block-latest-posts__post-title\" href=\"http:\/\/innovamm.dyndns.org\/5gsostenible\/2025\/11\/14\/visita-a-huertos-solares\/\">Visita a huertos solares<\/a><div class=\"wp-block-latest-posts__post-author\">por fperal<\/div><time datetime=\"2025-11-14T18:54:32+01:00\" class=\"wp-block-latest-posts__post-date\">14 de noviembre de 2025<\/time><div class=\"wp-block-latest-posts__post-excerpt\">En el I.E.S. Mar\u00eda Moliner realizamos una visita a huertos solares y redes de distribuci\u00f3n de 132KV y 400KV en la provincia<\/div><\/li>\n<li><a class=\"wp-block-latest-posts__post-title\" href=\"http:\/\/innovamm.dyndns.org\/5gsostenible\/2025\/06\/25\/curso-5g-con-dispositivos-sdr\/\">Curso 5G con dispositivos SDR<\/a><div class=\"wp-block-latest-posts__post-author\">por fperal<\/div><time datetime=\"2025-06-25T18:07:00+02:00\" class=\"wp-block-latest-posts__post-date\">25 de junio de 2025<\/time><div class=\"wp-block-latest-posts__post-excerpt\">Durante la semana del 9 al 12 de junio realizamos un curso de formaci\u00f3n sobre 5G basado en dispositivos SDR y sistemas open source.<\/div><\/li>\n<li><a class=\"wp-block-latest-posts__post-title\" href=\"http:\/\/innovamm.dyndns.org\/5gsostenible\/2025\/06\/13\/probando-materiales\/\">Probando materiales<\/a><div class=\"wp-block-latest-posts__post-author\">por fperal<\/div><time datetime=\"2025-06-13T18:11:00+02:00\" class=\"wp-block-latest-posts__post-date\">13 de junio de 2025<\/time><div class=\"wp-block-latest-posts__post-excerpt\"><\/div><\/li>\n<li><a class=\"wp-block-latest-posts__post-title\" href=\"http:\/\/innovamm.dyndns.org\/5gsostenible\/2025\/05\/16\/investigando-en-5g\/\">Investigando en 5G<\/a><div class=\"wp-block-latest-posts__post-author\">por fperal<\/div><time datetime=\"2025-05-16T17:07:31+02:00\" class=\"wp-block-latest-posts__post-date\">16 de mayo de 2025<\/time><div class=\"wp-block-latest-posts__post-excerpt\">En el I.E.S. Mar\u00eda Moliner se ha estado trabajando durante unos meses en investigaci\u00f3n sobre tecnolog\u00edas m\u00f3viles y 5G con diversos grupos de alumnos en diversos proyectos<\/div><\/li>\n<li><a class=\"wp-block-latest-posts__post-title\" href=\"http:\/\/innovamm.dyndns.org\/5gsostenible\/2025\/03\/20\/visita-a-vodafone-2\/\">Visita a Vodafone<\/a><div class=\"wp-block-latest-posts__post-author\">por fperal<\/div><time datetime=\"2025-03-20T11:12:00+01:00\" class=\"wp-block-latest-posts__post-date\">20 de marzo de 2025<\/time><div class=\"wp-block-latest-posts__post-excerpt\">Profesores y alumnos de Mantenimiento Electr\u00f3nico del I.E.S. Mar\u00eda Moliner realizamos una visita formativa a Vodafone en Madrid, para aprender sobre tecnolog\u00edas m\u00f3viles<\/div><\/li>\n<li><a class=\"wp-block-latest-posts__post-title\" href=\"http:\/\/innovamm.dyndns.org\/5gsostenible\/2024\/12\/11\/visita-a-errenteria\/\">Visita a Errenter\u00eda<\/a><div class=\"wp-block-latest-posts__post-author\">por fperal<\/div><time datetime=\"2024-12-11T20:07:40+01:00\" class=\"wp-block-latest-posts__post-date\">11 de diciembre de 2024<\/time><div class=\"wp-block-latest-posts__post-excerpt\">Visitamos Don Bosco y Tknika y nos reunimos todos los socios del proyecto<\/div><\/li>\n<li><a class=\"wp-block-latest-posts__post-title\" href=\"http:\/\/innovamm.dyndns.org\/5gsostenible\/2024\/11\/23\/hola-mundo\/\">Nos ponemos en marcha<\/a><div class=\"wp-block-latest-posts__post-author\">por Administrador<\/div><time datetime=\"2024-11-23T10:32:51+01:00\" class=\"wp-block-latest-posts__post-date\">23 de noviembre de 2024<\/time><div class=\"wp-block-latest-posts__post-excerpt\">A principios de julio se resolvi\u00f3 la convocatoria del proyectos y 5G Sostenible est\u00e1 ah\u00ed. En septiembre empez\u00f3 a llegar el dinero a los centros y en noviembre ya ha salido las instrucciones de justificaci\u00f3n, as\u00ed que el proyecto ya est\u00e1 en marcha 100%.<\/div><\/li>\n<\/ul><\/div><\/div>\n\n\n\n<p><\/p>\n\n\n\n<p><\/p>\n<\/div><\/div>\n\n\n\n<div class=\"wp-block-group is-content-justification-center is-nowrap is-layout-flex wp-container-core-group-is-layout-94bc23d7 wp-block-group-is-layout-flex\">\n<div class=\"wp-block-buttons is-layout-flex wp-block-buttons-is-layout-flex\">\n<div class=\"wp-block-button\"><a class=\"wp-block-button__link wp-element-button\" href=\"http:\/\/innovamm.dyndns.org\/5gsostenible\/resumen\/\">Resumen del proyecto<\/a><\/div>\n<\/div>\n\n\n\n<div class=\"wp-block-buttons is-layout-flex wp-block-buttons-is-layout-flex\">\n<div class=\"wp-block-button\"><a class=\"wp-block-button__link wp-element-button\" href=\"http:\/\/innovamm.dyndns.org\/5gsostenible\/actividades\/\">Actividades<\/a><\/div>\n<\/div>\n\n\n\n<div class=\"wp-block-buttons is-layout-flex wp-block-buttons-is-layout-flex\">\n<div class=\"wp-block-button\"><a class=\"wp-block-button__link wp-element-button\" href=\"http:\/\/innovamm.dyndns.org\/5gsostenible\/redes-sociales\/\">Redes sociales<\/a><\/div>\n<\/div>\n<\/div>\n\n\n\n<div class=\"wp-block-group is-nowrap is-layout-flex wp-container-core-group-is-layout-ad2f72ca wp-block-group-is-layout-flex\">\n<figure class=\"wp-block-image size-full\"><img loading=\"lazy\" decoding=\"async\" width=\"508\" height=\"236\" src=\"http:\/\/innovamm.dyndns.org\/5gsostenible\/wp-content\/uploads\/sites\/3\/2024\/11\/iconoMM.png\" alt=\"\" class=\"wp-image-18\" style=\"object-fit:cover\"\/><\/figure>\n\n\n\n<figure class=\"wp-block-image size-medium\"><img loading=\"lazy\" decoding=\"async\" width=\"263\" height=\"300\" src=\"http:\/\/innovamm.dyndns.org\/5gsostenible\/wp-content\/uploads\/sites\/3\/2024\/11\/DonBosco-263x300.jpg\" alt=\"\" class=\"wp-image-19\" style=\"object-fit:cover\" srcset=\"http:\/\/innovamm.dyndns.org\/5gsostenible\/wp-content\/uploads\/sites\/3\/2024\/11\/DonBosco-263x300.jpg 263w, http:\/\/innovamm.dyndns.org\/5gsostenible\/wp-content\/uploads\/sites\/3\/2024\/11\/DonBosco.jpg 702w\" sizes=\"auto, (max-width: 263px) 100vw, 263px\" \/><\/figure>\n\n\n\n<figure class=\"wp-block-image size-large\"><img loading=\"lazy\" decoding=\"async\" width=\"1024\" height=\"341\" src=\"http:\/\/innovamm.dyndns.org\/5gsostenible\/wp-content\/uploads\/sites\/3\/2024\/11\/abaila_2-1024x341.png\" alt=\"\" class=\"wp-image-20\" style=\"object-fit:cover\" srcset=\"http:\/\/innovamm.dyndns.org\/5gsostenible\/wp-content\/uploads\/sites\/3\/2024\/11\/abaila_2-1024x341.png 1024w, http:\/\/innovamm.dyndns.org\/5gsostenible\/wp-content\/uploads\/sites\/3\/2024\/11\/abaila_2-300x100.png 300w, http:\/\/innovamm.dyndns.org\/5gsostenible\/wp-content\/uploads\/sites\/3\/2024\/11\/abaila_2-768x256.png 768w, http:\/\/innovamm.dyndns.org\/5gsostenible\/wp-content\/uploads\/sites\/3\/2024\/11\/abaila_2.png 1500w\" sizes=\"auto, (max-width: 1024px) 100vw, 1024px\" \/><\/figure>\n<\/div>\n\n\n\n<div class=\"wp-block-group is-nowrap is-layout-flex wp-container-core-group-is-layout-ad2f72ca wp-block-group-is-layout-flex\">\n<figure class=\"wp-block-image size-medium\"><img loading=\"lazy\" decoding=\"async\" width=\"300\" height=\"207\" src=\"http:\/\/innovamm.dyndns.org\/5gsostenible\/wp-content\/uploads\/sites\/3\/2024\/11\/iconoResiliencia-300x207.png\" alt=\"\" class=\"wp-image-21\" style=\"object-fit:cover\" srcset=\"http:\/\/innovamm.dyndns.org\/5gsostenible\/wp-content\/uploads\/sites\/3\/2024\/11\/iconoResiliencia-300x207.png 300w, http:\/\/innovamm.dyndns.org\/5gsostenible\/wp-content\/uploads\/sites\/3\/2024\/11\/iconoResiliencia-1024x708.png 1024w, http:\/\/innovamm.dyndns.org\/5gsostenible\/wp-content\/uploads\/sites\/3\/2024\/11\/iconoResiliencia-768x531.png 768w, http:\/\/innovamm.dyndns.org\/5gsostenible\/wp-content\/uploads\/sites\/3\/2024\/11\/iconoResiliencia.png 1135w\" sizes=\"auto, (max-width: 300px) 100vw, 300px\" \/><\/figure>\n\n\n\n<figure class=\"wp-block-image size-full\"><img loading=\"lazy\" decoding=\"async\" width=\"357\" height=\"72\" src=\"http:\/\/innovamm.dyndns.org\/5gsostenible\/wp-content\/uploads\/sites\/3\/2024\/11\/MEFPD.png\" alt=\"\" class=\"wp-image-22\" style=\"object-fit:cover\" srcset=\"http:\/\/innovamm.dyndns.org\/5gsostenible\/wp-content\/uploads\/sites\/3\/2024\/11\/MEFPD.png 357w, http:\/\/innovamm.dyndns.org\/5gsostenible\/wp-content\/uploads\/sites\/3\/2024\/11\/MEFPD-300x61.png 300w\" sizes=\"auto, (max-width: 357px) 100vw, 357px\" \/><\/figure>\n\n\n\n<figure class=\"wp-block-image size-medium\"><img loading=\"lazy\" decoding=\"async\" width=\"300\" height=\"92\" src=\"http:\/\/innovamm.dyndns.org\/5gsostenible\/wp-content\/uploads\/sites\/3\/2024\/11\/iconoUE-300x92.png\" alt=\"\" class=\"wp-image-23\" style=\"object-fit:cover\" srcset=\"http:\/\/innovamm.dyndns.org\/5gsostenible\/wp-content\/uploads\/sites\/3\/2024\/11\/iconoUE-300x92.png 300w, http:\/\/innovamm.dyndns.org\/5gsostenible\/wp-content\/uploads\/sites\/3\/2024\/11\/iconoUE.png 763w\" sizes=\"auto, (max-width: 300px) 100vw, 300px\" \/><\/figure>\n\n\n\n<div class=\"wp-block-group is-nowrap is-layout-flex wp-container-core-group-is-layout-ad2f72ca wp-block-group-is-layout-flex\"><\/div>\n<\/div>\n\n\n\n<p><\/p>\n","protected":false},"excerpt":{"rendered":"","protected":false},"author":1,"featured_media":0,"parent":0,"menu_order":0,"comment_status":"closed","ping_status":"closed","template":"","meta":{"footnotes":""},"class_list":["post-6","page","type-page","status-publish","hentry","entry"],"_links":{"self":[{"href":"http:\/\/innovamm.dyndns.org\/5gsostenible\/wp-json\/wp\/v2\/pages\/6","targetHints":{"allow":["GET"]}}],"collection":[{"href":"http:\/\/innovamm.dyndns.org\/5gsostenible\/wp-json\/wp\/v2\/pages"}],"about":[{"href":"http:\/\/innovamm.dyndns.org\/5gsostenible\/wp-json\/wp\/v2\/types\/page"}],"author":[{"embeddable":true,"href":"http:\/\/innovamm.dyndns.org\/5gsostenible\/wp-json\/wp\/v2\/users\/1"}],"replies":[{"embeddable":true,"href":"http:\/\/innovamm.dyndns.org\/5gsostenible\/wp-json\/wp\/v2\/comments?post=6"}],"version-history":[{"count":18,"href":"http:\/\/innovamm.dyndns.org\/5gsostenible\/wp-json\/wp\/v2\/pages\/6\/revisions"}],"predecessor-version":[{"id":228,"href":"http:\/\/innovamm.dyndns.org\/5gsostenible\/wp-json\/wp\/v2\/pages\/6\/revisions\/228"}],"wp:attachment":[{"href":"http:\/\/innovamm.dyndns.org\/5gsostenible\/wp-json\/wp\/v2\/media?parent=6"}],"curies":[{"name":"wp","href":"https:\/\/api.w.org\/{rel}","templated":true}]}}