{"id":31,"date":"2024-11-23T12:03:18","date_gmt":"2024-11-23T11:03:18","guid":{"rendered":"http:\/\/innovamm.dyndns.org\/fpinmersiva\/?page_id=31"},"modified":"2024-11-23T15:37:38","modified_gmt":"2024-11-23T14:37:38","slug":"resumen","status":"publish","type":"page","link":"http:\/\/innovamm.dyndns.org\/fpinmersiva\/home\/resumen\/","title":{"rendered":"Resumen"},"content":{"rendered":"\n<p>Los departamentos de FOL y Electricidad-Electr\u00f3nica colaborar\u00e1n con la empresa IDK Elektronika para:<\/p>\n\n\n\n<ul style=\"text-align:justify\" class=\"wp-block-list\">\n\n<li>Incluir el uso de la Realidad Virtual (RV) en los retos de Formaci\u00f3n Inicial como en la Formaci\u00f3n para el empleo para trabajar la Prevenci\u00f3n de Riesgos Laborales (PRL). Espec\u00edficamente, en los ciclos formativos (CF) de Instalaciones de telecomunicaciones (grado medio), y <em>Mantenimiento Electr\u00f3nico <\/em>(grado superior), y en los certificados de profesionalidad (CP) <em>Operaciones auxiliares de montaje y mantenimiento de equipos el\u00e9ctricos y electr\u00f3nicos <\/em>(nivel 1) y <em>Montaje y mantenimiento de sistemas de telefon\u00eda e infraestructuras de redes locales de datos <\/em>(nivel 2).<\/li>\n\n\n<li>Crear un nuevo entorno inmersivo de una l\u00ednea profesional de fabricaci\u00f3n y montaje de placas de circuitos impresos para que los estudiantes de los mencionados CF y CP puedan entrenar antes de pasar a trabajar a un entorno real.<\/li>\n\n\n<li>Buscar nuevas ideas de negocio que exploten la RV en el sector de la educaci\u00f3n y en la Silver Economy. Los estudiantes de los CF simular\u00e1n la puesta en marcha de una empresa que tiene como objetivo acercar la RV a los centros de educaci\u00f3n secundaria y centros gerontol\u00f3gicos de los alrededores, y llevar\u00e1n a cabo experiencias STEAM in situ. Adem\u00e1s, esos estudiantes tendr\u00e1n que conseguir formar un equipo STEAM de alumnas de secundaria que participen en las experiencias STEAM de los centros gerontol\u00f3gicos. Para todo ello, los estudiantes tendr\u00e1n a su disposici\u00f3n los viveros de empresa de los centros de FP tanto en horario lectivo como fuera de \u00e9l.<\/li>\n\n<\/ul>\n","protected":false},"excerpt":{"rendered":"<p>Los departamentos de FOL y Electricidad-Electr\u00f3nica colaborar\u00e1n con la empresa IDK Elektronika para:<\/p>\n","protected":false},"author":1,"featured_media":0,"parent":8,"menu_order":0,"comment_status":"closed","ping_status":"closed","template":"","meta":{"footnotes":""},"class_list":["post-31","page","type-page","status-publish","hentry","entry"],"_links":{"self":[{"href":"http:\/\/innovamm.dyndns.org\/fpinmersiva\/wp-json\/wp\/v2\/pages\/31","targetHints":{"allow":["GET"]}}],"collection":[{"href":"http:\/\/innovamm.dyndns.org\/fpinmersiva\/wp-json\/wp\/v2\/pages"}],"about":[{"href":"http:\/\/innovamm.dyndns.org\/fpinmersiva\/wp-json\/wp\/v2\/types\/page"}],"author":[{"embeddable":true,"href":"http:\/\/innovamm.dyndns.org\/fpinmersiva\/wp-json\/wp\/v2\/users\/1"}],"replies":[{"embeddable":true,"href":"http:\/\/innovamm.dyndns.org\/fpinmersiva\/wp-json\/wp\/v2\/comments?post=31"}],"version-history":[{"count":5,"href":"http:\/\/innovamm.dyndns.org\/fpinmersiva\/wp-json\/wp\/v2\/pages\/31\/revisions"}],"predecessor-version":[{"id":46,"href":"http:\/\/innovamm.dyndns.org\/fpinmersiva\/wp-json\/wp\/v2\/pages\/31\/revisions\/46"}],"up":[{"embeddable":true,"href":"http:\/\/innovamm.dyndns.org\/fpinmersiva\/wp-json\/wp\/v2\/pages\/8"}],"wp:attachment":[{"href":"http:\/\/innovamm.dyndns.org\/fpinmersiva\/wp-json\/wp\/v2\/media?parent=31"}],"curies":[{"name":"wp","href":"https:\/\/api.w.org\/{rel}","templated":true}]}}