{"id":8,"date":"2024-11-23T11:18:55","date_gmt":"2024-11-23T10:18:55","guid":{"rendered":"http:\/\/innovamm.dyndns.org\/fpinmersiva\/?page_id=8"},"modified":"2026-04-12T12:42:54","modified_gmt":"2026-04-12T10:42:54","slug":"home","status":"publish","type":"page","link":"http:\/\/innovamm.dyndns.org\/fpinmersiva\/","title":{"rendered":"home"},"content":{"rendered":"\n<div class=\"wp-block-cover alignfull is-light has-parallax has-custom-content-position is-position-center-left has-huge-font-size\" style=\"padding-top:var(--wp--preset--spacing--30);padding-right:var(--wp--preset--spacing--80);padding-bottom:var(--wp--preset--spacing--30);padding-left:var(--wp--preset--spacing--80)\"><div class=\"wp-block-cover__image-background wp-image-5 has-parallax\" style=\"background-position:50% 50%;background-image:url(http:\/\/innovamm.dyndns.org\/fpinmersiva\/wp-content\/uploads\/sites\/2\/2024\/11\/virtualreality4.jpg)\"><\/div><span aria-hidden=\"true\" class=\"wp-block-cover__background has-background-dim-30 has-background-dim\" style=\"background-color:#9facac\"><\/span><div class=\"wp-block-cover__inner-container is-layout-constrained wp-container-core-cover-is-layout-787fe8f3 wp-block-cover-is-layout-constrained\">\n<p class=\"has-text-align-center has-huge-font-size\">F.P Inmersiva. <\/p>\n\n\n\n<p class=\"has-text-align-center has-tablet-text-align-justify has-mobile-text-align-justify has-normal-font-size\">Nuevos entornos virtuales de aprendizaje y entrenamiento en la Formaci\u00f3n Inicial y en la Formaci\u00f3n para el Empleo<\/p>\n\n\n<ul class=\"wp-block-latest-posts__list has-dates has-author wp-block-latest-posts\"><li><a class=\"wp-block-latest-posts__post-title\" href=\"http:\/\/innovamm.dyndns.org\/fpinmersiva\/2026\/04\/13\/probando-la-nueva-version\/\">Probando la nueva versi\u00f3n<\/a><div class=\"wp-block-latest-posts__post-author\">por fperal<\/div><time datetime=\"2026-04-13T18:38:07+02:00\" class=\"wp-block-latest-posts__post-date\">13 de abril de 2026<\/time><div class=\"wp-block-latest-posts__post-excerpt\">Antes de el viaje, tenemos una nueva versi\u00f3n del simulador ya mucho mejor definida. Hacemos algunas pruebas sobre ella<\/div><\/li>\n<li><a class=\"wp-block-latest-posts__post-title\" href=\"http:\/\/innovamm.dyndns.org\/fpinmersiva\/2026\/03\/27\/validacion-del-simulador\/\">Validaci\u00f3n del simulador<\/a><div class=\"wp-block-latest-posts__post-author\">por fperal<\/div><time datetime=\"2026-03-27T11:23:02+01:00\" class=\"wp-block-latest-posts__post-date\">27 de marzo de 2026<\/time><div class=\"wp-block-latest-posts__post-excerpt\">Reuni\u00f3n de coordinaci\u00f3n y validaci\u00f3n para revisar el estado del simulador, detectar errores y ver los pr\u00f3ximos pasos. Se revisa la linea de flujo y los distintos puntos de la f\u00e1brica por donde pasa<\/div><\/li>\n<li><a class=\"wp-block-latest-posts__post-title\" href=\"http:\/\/innovamm.dyndns.org\/fpinmersiva\/2026\/02\/27\/presentacion-de-los-proyectos-de-final-de-grado-de-alumnado-de-mantenimiento-electronico\/\">Presentaci\u00f3n de los proyectos de final de grado de alumnado de Mantenimiento electr\u00f3nico<\/a><div class=\"wp-block-latest-posts__post-author\">por ilizuain<\/div><time datetime=\"2026-02-27T12:33:59+01:00\" class=\"wp-block-latest-posts__post-date\">27 de febrero de 2026<\/time><div class=\"wp-block-latest-posts__post-excerpt\">Presentaci\u00f3n de los proyectos de final de grado de alumnado de Mantenimiento electr\u00f3nico Hoy el alumnado de Grado Medio de Telecomunicaciones ha visitado el ciclo de Grado Superior de Mantenimiento Electr\u00f3nico para conocer de primera mano los proyectos desarrollados durante el curso. Ha sido una jornada t\u00e9cnica, din\u00e1mica y muy inspiradora, donde se ha podido<a class=\"more-link\" href=\"http:\/\/innovamm.dyndns.org\/fpinmersiva\/2026\/02\/27\/presentacion-de-los-proyectos-de-final-de-grado-de-alumnado-de-mantenimiento-electronico\/\">Seguir leyendo <span class=\"screen-reader-text\">\u00abPresentaci\u00f3n de los proyectos de final de grado de alumnado de Mantenimiento electr\u00f3nico\u00bb<\/span><\/a><\/div><\/li>\n<li><a class=\"wp-block-latest-posts__post-title\" href=\"http:\/\/innovamm.dyndns.org\/fpinmersiva\/2025\/11\/18\/prl-con-equipamiento-real-riesgos-electricos-y-trabajos-en-altura\/\">PRL con equipamiento real: riesgos el\u00e9ctricos y trabajos en altura<\/a><div class=\"wp-block-latest-posts__post-author\">por ilizuain<\/div><time datetime=\"2025-11-18T13:11:00+01:00\" class=\"wp-block-latest-posts__post-date\">18 de noviembre de 2025<\/time><div class=\"wp-block-latest-posts__post-excerpt\">PRL con equipamiento real: riesgos el\u00e9ctricos y trabajos en altura El alumnado de Formaci\u00f3n Inicial ha realizado pr\u00e1cticas de Prevenci\u00f3n de Riesgos Laborales (PRL) utilizando equipamiento real, poniendo el foco en los riesgos el\u00e9ctricos y en los trabajos en altura. Durante la actividad se han trabajado situaciones vinculadas al montaje de estructuras, acceso a torres,<a class=\"more-link\" href=\"http:\/\/innovamm.dyndns.org\/fpinmersiva\/2025\/11\/18\/prl-con-equipamiento-real-riesgos-electricos-y-trabajos-en-altura\/\">Seguir leyendo <span class=\"screen-reader-text\">\u00abPRL con equipamiento real: riesgos el\u00e9ctricos y trabajos en altura\u00bb<\/span><\/a><\/div><\/li>\n<li><a class=\"wp-block-latest-posts__post-title\" href=\"http:\/\/innovamm.dyndns.org\/fpinmersiva\/2025\/10\/21\/entrenamiento-del-alumnado-en-plataformas-de-realidad-virtual\/\">Entrenamiento del alumnado en plataformas de Realidad Virtual<\/a><div class=\"wp-block-latest-posts__post-author\">por ilizuain<\/div><time datetime=\"2025-10-21T12:57:00+02:00\" class=\"wp-block-latest-posts__post-date\">21 de octubre de 2025<\/time><div class=\"wp-block-latest-posts__post-excerpt\">Entrenamiento del alumnado en plataformas de Realidad Virtual El alumnado de Formaci\u00f3n Inicial ha comenzado a entrenar con plataformas de Realidad Virtual aplicadas a contextos profesionales. Durante las sesiones se han utilizado aplicaciones de Prevenci\u00f3n de Riesgos Laborales (PRL) suministradas por la empresa Innovae, trabajando simulaciones como trabajos en altura o extinci\u00f3n de incendios, entre<a class=\"more-link\" href=\"http:\/\/innovamm.dyndns.org\/fpinmersiva\/2025\/10\/21\/entrenamiento-del-alumnado-en-plataformas-de-realidad-virtual\/\">Seguir leyendo <span class=\"screen-reader-text\">\u00abEntrenamiento del alumnado en plataformas de Realidad Virtual\u00bb<\/span><\/a><\/div><\/li>\n<li><a class=\"wp-block-latest-posts__post-title\" href=\"http:\/\/innovamm.dyndns.org\/fpinmersiva\/2025\/09\/10\/avances-en-el-simulador\/\">Avances en el simulador<\/a><div class=\"wp-block-latest-posts__post-author\">por fperal<\/div><time datetime=\"2025-09-10T18:18:09+02:00\" class=\"wp-block-latest-posts__post-date\">10 de septiembre de 2025<\/time><div class=\"wp-block-latest-posts__post-excerpt\">El simulador empieza a tomar forma<\/div><\/li>\n<li><a class=\"wp-block-latest-posts__post-title\" href=\"http:\/\/innovamm.dyndns.org\/fpinmersiva\/2025\/06\/10\/formacion-y-difusion\/\">Formaci\u00f3n y difusi\u00f3n<\/a><div class=\"wp-block-latest-posts__post-author\">por fperal<\/div><time datetime=\"2025-06-10T13:00:00+02:00\" class=\"wp-block-latest-posts__post-date\">10 de junio de 2025<\/time><div class=\"wp-block-latest-posts__post-excerpt\">Realizamos en el centro una jornada de formaci\u00f3n en RV y difusi\u00f3n del proyecto<\/div><\/li>\n<li><a class=\"wp-block-latest-posts__post-title\" href=\"http:\/\/innovamm.dyndns.org\/fpinmersiva\/2025\/05\/22\/curso-de-realidad-virtual\/\">Curso de Realidad Virtual<\/a><div class=\"wp-block-latest-posts__post-author\">por fperal<\/div><time datetime=\"2025-05-22T10:38:24+02:00\" class=\"wp-block-latest-posts__post-date\">22 de mayo de 2025<\/time><div class=\"wp-block-latest-posts__post-excerpt\">Realizamos un curso de forma paralela en Errenter\u00eda y Madrid. Por un lado lo realizan en Errenter\u00eda, en C.I.F.P. Don Bosco, los compa\u00f1eros de Don Bosco y de Armeria Eskola. Por otro lado en Madrid, en el I.E.S. Juan de la Cierva, los compa\u00f1eros de Juan de La Cierva y Mar\u00eda Moliner.<\/div><\/li>\n<li><a class=\"wp-block-latest-posts__post-title\" href=\"http:\/\/innovamm.dyndns.org\/fpinmersiva\/2025\/05\/20\/formacion-en-realidad-virtual-para-el-profesorado\/\">Formaci\u00f3n en Realidad Virtual para el profesorado en Don Bosco<\/a><div class=\"wp-block-latest-posts__post-author\">por ilizuain<\/div><time datetime=\"2025-05-20T14:00:00+02:00\" class=\"wp-block-latest-posts__post-date\">20 de mayo de 2025<\/time><div class=\"wp-block-latest-posts__post-excerpt\">Formaci\u00f3n en Realidad Virtual para el profesorado En el marco del proyecto FP Inmersiva: nuevos entornos virtuales de aprendizaje y entrenamiento en la Formaci\u00f3n Inicial, se ha llevado a cabo una acci\u00f3n formativa en Realidad Virtual dirigida al profesorado. La formaci\u00f3n se ha desarrollado de manera s\u00edncrona en dos sedes, Madrid y Errenteria, permitiendo una<a class=\"more-link\" href=\"http:\/\/innovamm.dyndns.org\/fpinmersiva\/2025\/05\/20\/formacion-en-realidad-virtual-para-el-profesorado\/\">Seguir leyendo <span class=\"screen-reader-text\">\u00abFormaci\u00f3n en Realidad Virtual para el profesorado en Don Bosco\u00bb<\/span><\/a><\/div><\/li>\n<li><a class=\"wp-block-latest-posts__post-title\" href=\"http:\/\/innovamm.dyndns.org\/fpinmersiva\/2024\/12\/11\/viaje-a-errenteria\/\">Viaje a Errenter\u00eda<\/a><div class=\"wp-block-latest-posts__post-author\">por fperal<\/div><time datetime=\"2024-12-11T11:14:01+01:00\" class=\"wp-block-latest-posts__post-date\">11 de diciembre de 2024<\/time><div class=\"wp-block-latest-posts__post-excerpt\">Nos reunimos en Errenter\u00eda durante dos d\u00edas todos los integrantes del proyecto para lanzar el proyecto. \nVisita a IDK, a TKNIKA y a Innovae<\/div><\/li>\n<li><a class=\"wp-block-latest-posts__post-title\" href=\"http:\/\/innovamm.dyndns.org\/fpinmersiva\/2024\/11\/23\/nos-ponemos-en-marcha\/\">Nos ponemos en marcha<\/a><div class=\"wp-block-latest-posts__post-author\">por Administrador<\/div><time datetime=\"2024-11-23T21:10:14+01:00\" class=\"wp-block-latest-posts__post-date\">23 de noviembre de 2024<\/time><div class=\"wp-block-latest-posts__post-excerpt\">A principios de julio se resolvi\u00f3 la convocatoria del proyectos y F.P. Inmersiva est\u00e1 ah\u00ed. En septiembre empez\u00f3 a llegar el dinero a los centros y en noviembre ya ha salido las instrucciones de justificaci\u00f3n, as\u00ed que el proyecto ya est\u00e1 en marcha 100%.<\/div><\/li>\n<\/ul><\/div><\/div>\n\n\n\n<div class=\"wp-block-group is-vertical is-layout-flex wp-container-core-group-is-layout-8cf370e7 wp-block-group-is-layout-flex\">\n<hr class=\"wp-block-separator has-alpha-channel-opacity\"\/>\n<\/div>\n\n\n\n<div class=\"wp-block-buttons is-content-justification-center is-layout-flex wp-container-core-buttons-is-layout-16018d1d wp-block-buttons-is-layout-flex\">\n<div class=\"wp-block-button has-custom-width wp-block-button__width-50\"><a class=\"wp-block-button__link wp-element-button\" href=\"http:\/\/innovamm.dyndns.org\/fpinmersiva\/resumen\/\">Resumen del proyecto<\/a><\/div>\n\n\n\n<div class=\"wp-block-button has-custom-width wp-block-button__width-50\"><a class=\"wp-block-button__link wp-element-button\" href=\"http:\/\/innovamm.dyndns.org\/fpinmersiva\/actividades\/\">Actividades<\/a><\/div>\n\n\n\n<div class=\"wp-block-button has-custom-width wp-block-button__width-50\"><a class=\"wp-block-button__link wp-element-button\" href=\"http:\/\/innovamm.dyndns.org\/fpinmersiva\/redes-sociales\/\">Redes sociales<\/a><\/div>\n<\/div>\n\n\n\n<div class=\"wp-block-group alignfull has-background-color\" style=\"margin-top:0;margin-bottom:0;padding-top:var(--wp--preset--spacing--40);padding-right:var(--wp--preset--spacing--30);padding-bottom:var(--wp--preset--spacing--40);padding-left:var(--wp--preset--spacing--30)\"><div class=\"wp-block-group__inner-container is-layout-constrained wp-container-core-group-is-layout-91a691eb wp-block-group-is-layout-constrained\">\n<div class=\"wp-block-group is-content-justification-center is-nowrap is-layout-flex wp-container-core-group-is-layout-94bc23d7 wp-block-group-is-layout-flex\">\n<figure class=\"wp-block-image size-full is-resized\"><img loading=\"lazy\" decoding=\"async\" width=\"508\" height=\"236\" src=\"http:\/\/innovamm.dyndns.org\/fpinmersiva\/wp-content\/uploads\/sites\/2\/2024\/11\/iconoMM.png\" alt=\"\" class=\"wp-image-15\" style=\"width:210px;height:auto\"\/><\/figure>\n\n\n\n<figure class=\"wp-block-image size-large is-resized\"><img loading=\"lazy\" decoding=\"async\" width=\"724\" height=\"1024\" src=\"http:\/\/innovamm.dyndns.org\/fpinmersiva\/wp-content\/uploads\/sites\/2\/2024\/11\/LOGO_IDK-724x1024.jpg\" alt=\"\" class=\"wp-image-16\" style=\"width:128px;height:auto\" srcset=\"http:\/\/innovamm.dyndns.org\/fpinmersiva\/wp-content\/uploads\/sites\/2\/2024\/11\/LOGO_IDK-724x1024.jpg 724w, http:\/\/innovamm.dyndns.org\/fpinmersiva\/wp-content\/uploads\/sites\/2\/2024\/11\/LOGO_IDK-212x300.jpg 212w, http:\/\/innovamm.dyndns.org\/fpinmersiva\/wp-content\/uploads\/sites\/2\/2024\/11\/LOGO_IDK-768x1087.jpg 768w, http:\/\/innovamm.dyndns.org\/fpinmersiva\/wp-content\/uploads\/sites\/2\/2024\/11\/LOGO_IDK-1085x1536.jpg 1085w, http:\/\/innovamm.dyndns.org\/fpinmersiva\/wp-content\/uploads\/sites\/2\/2024\/11\/LOGO_IDK-1447x2048.jpg 1447w, http:\/\/innovamm.dyndns.org\/fpinmersiva\/wp-content\/uploads\/sites\/2\/2024\/11\/LOGO_IDK-1568x2219.jpg 1568w, http:\/\/innovamm.dyndns.org\/fpinmersiva\/wp-content\/uploads\/sites\/2\/2024\/11\/LOGO_IDK-scaled.jpg 1809w\" sizes=\"auto, (max-width: 724px) 100vw, 724px\" \/><\/figure>\n\n\n\n<figure class=\"wp-block-image size-large is-resized\"><img loading=\"lazy\" decoding=\"async\" width=\"1024\" height=\"523\" src=\"http:\/\/innovamm.dyndns.org\/fpinmersiva\/wp-content\/uploads\/sites\/2\/2024\/11\/Armeria-1024x523.jpg\" alt=\"\" class=\"wp-image-17\" style=\"width:229px;height:auto\" srcset=\"http:\/\/innovamm.dyndns.org\/fpinmersiva\/wp-content\/uploads\/sites\/2\/2024\/11\/Armeria-1024x523.jpg 1024w, http:\/\/innovamm.dyndns.org\/fpinmersiva\/wp-content\/uploads\/sites\/2\/2024\/11\/Armeria-300x153.jpg 300w, http:\/\/innovamm.dyndns.org\/fpinmersiva\/wp-content\/uploads\/sites\/2\/2024\/11\/Armeria-768x392.jpg 768w, http:\/\/innovamm.dyndns.org\/fpinmersiva\/wp-content\/uploads\/sites\/2\/2024\/11\/Armeria.jpg 1155w\" sizes=\"auto, (max-width: 1024px) 100vw, 1024px\" \/><\/figure>\n\n\n\n<figure class=\"wp-block-image size-full is-resized\"><img loading=\"lazy\" decoding=\"async\" width=\"702\" height=\"800\" src=\"http:\/\/innovamm.dyndns.org\/fpinmersiva\/wp-content\/uploads\/sites\/2\/2024\/11\/DonBosco.jpg\" alt=\"\" class=\"wp-image-18\" style=\"width:129px;height:auto\" srcset=\"http:\/\/innovamm.dyndns.org\/fpinmersiva\/wp-content\/uploads\/sites\/2\/2024\/11\/DonBosco.jpg 702w, http:\/\/innovamm.dyndns.org\/fpinmersiva\/wp-content\/uploads\/sites\/2\/2024\/11\/DonBosco-263x300.jpg 263w\" sizes=\"auto, (max-width: 702px) 100vw, 702px\" \/><\/figure>\n\n\n\n<figure class=\"wp-block-image size-full is-resized\"><img loading=\"lazy\" decoding=\"async\" width=\"886\" height=\"732\" src=\"http:\/\/innovamm.dyndns.org\/fpinmersiva\/wp-content\/uploads\/sites\/2\/2024\/11\/JuanCierva.jpg\" alt=\"\" class=\"wp-image-19\" style=\"width:179px;height:auto\" srcset=\"http:\/\/innovamm.dyndns.org\/fpinmersiva\/wp-content\/uploads\/sites\/2\/2024\/11\/JuanCierva.jpg 886w, http:\/\/innovamm.dyndns.org\/fpinmersiva\/wp-content\/uploads\/sites\/2\/2024\/11\/JuanCierva-300x248.jpg 300w, http:\/\/innovamm.dyndns.org\/fpinmersiva\/wp-content\/uploads\/sites\/2\/2024\/11\/JuanCierva-768x635.jpg 768w\" sizes=\"auto, (max-width: 886px) 100vw, 886px\" \/><\/figure>\n<\/div>\n\n\n\n<div class=\"wp-block-group alignwide is-content-justification-center is-layout-flex wp-container-core-group-is-layout-91b154b1 wp-block-group-is-layout-flex\">\n<div class=\"wp-block-group is-nowrap is-layout-flex wp-container-core-group-is-layout-ad2f72ca wp-block-group-is-layout-flex\">\n<figure class=\"wp-block-image size-thumbnail is-resized\"><img loading=\"lazy\" decoding=\"async\" width=\"150\" height=\"150\" src=\"http:\/\/innovamm.dyndns.org\/fpinmersiva\/wp-content\/uploads\/sites\/2\/2024\/11\/iconoResiliencia-150x150.png\" alt=\"\" class=\"wp-image-22\" style=\"object-fit:cover;width:62px;height:auto\"\/><\/figure>\n<\/div>\n\n\n\n<figure class=\"wp-block-image size-medium is-resized\"><img loading=\"lazy\" decoding=\"async\" width=\"300\" height=\"61\" src=\"http:\/\/innovamm.dyndns.org\/fpinmersiva\/wp-content\/uploads\/sites\/2\/2024\/11\/MEFPD-300x61.png\" alt=\"\" class=\"wp-image-24\" style=\"object-fit:cover;width:264px;height:auto\" srcset=\"http:\/\/innovamm.dyndns.org\/fpinmersiva\/wp-content\/uploads\/sites\/2\/2024\/11\/MEFPD-300x61.png 300w, http:\/\/innovamm.dyndns.org\/fpinmersiva\/wp-content\/uploads\/sites\/2\/2024\/11\/MEFPD.png 357w\" sizes=\"auto, (max-width: 300px) 100vw, 300px\" \/><\/figure>\n\n\n\n<figure class=\"wp-block-image size-medium is-resized\"><img loading=\"lazy\" decoding=\"async\" width=\"300\" height=\"92\" src=\"http:\/\/innovamm.dyndns.org\/fpinmersiva\/wp-content\/uploads\/sites\/2\/2024\/11\/iconoUE-300x92.png\" alt=\"\" class=\"wp-image-23\" style=\"object-fit:cover;width:177px;height:auto\" srcset=\"http:\/\/innovamm.dyndns.org\/fpinmersiva\/wp-content\/uploads\/sites\/2\/2024\/11\/iconoUE-300x92.png 300w, http:\/\/innovamm.dyndns.org\/fpinmersiva\/wp-content\/uploads\/sites\/2\/2024\/11\/iconoUE.png 763w\" sizes=\"auto, (max-width: 300px) 100vw, 300px\" \/><\/figure>\n<\/div>\n<\/div><\/div>\n\n\n\n<p><\/p>\n","protected":false},"excerpt":{"rendered":"","protected":false},"author":1,"featured_media":0,"parent":0,"menu_order":0,"comment_status":"closed","ping_status":"closed","template":"","meta":{"footnotes":""},"class_list":["post-8","page","type-page","status-publish","hentry","entry"],"_links":{"self":[{"href":"http:\/\/innovamm.dyndns.org\/fpinmersiva\/wp-json\/wp\/v2\/pages\/8","targetHints":{"allow":["GET"]}}],"collection":[{"href":"http:\/\/innovamm.dyndns.org\/fpinmersiva\/wp-json\/wp\/v2\/pages"}],"about":[{"href":"http:\/\/innovamm.dyndns.org\/fpinmersiva\/wp-json\/wp\/v2\/types\/page"}],"author":[{"embeddable":true,"href":"http:\/\/innovamm.dyndns.org\/fpinmersiva\/wp-json\/wp\/v2\/users\/1"}],"replies":[{"embeddable":true,"href":"http:\/\/innovamm.dyndns.org\/fpinmersiva\/wp-json\/wp\/v2\/comments?post=8"}],"version-history":[{"count":29,"href":"http:\/\/innovamm.dyndns.org\/fpinmersiva\/wp-json\/wp\/v2\/pages\/8\/revisions"}],"predecessor-version":[{"id":230,"href":"http:\/\/innovamm.dyndns.org\/fpinmersiva\/wp-json\/wp\/v2\/pages\/8\/revisions\/230"}],"wp:attachment":[{"href":"http:\/\/innovamm.dyndns.org\/fpinmersiva\/wp-json\/wp\/v2\/media?parent=8"}],"curies":[{"name":"wp","href":"https:\/\/api.w.org\/{rel}","templated":true}]}}